{"id":230,"date":"2015-04-03T11:36:36","date_gmt":"2015-04-03T09:36:36","guid":{"rendered":"http:\/\/fanny-poiron-photographe.fr\/?page_id=230"},"modified":"2021-01-07T08:18:26","modified_gmt":"2021-01-07T07:18:26","slug":"tarif-reportage-2","status":"publish","type":"page","link":"http:\/\/fanny-poiron-photographe.fr\/?page_id=230","title":{"rendered":"TARIF REPORTAGE"},"content":{"rendered":"<p align=\"CENTER\"><strong>Pour le reportage mariage trois choix s\u2019offre a vous, le reportage demi journ\u00e9e et pour encore plus de souvenirs, le reportage journ\u00e9e compl\u00e8te.<\/strong><\/p>\n<pre>S\u00c9ANCE DE COUPLE LE \" JOUR J \" OU UN \" AUTRE JOUR \" ... <strong>450 euros\n<\/strong><\/pre>\n<ul>\n<li>S\u00e9ance de 2 \u00e0 3 heures<\/li>\n<li style=\"text-align: left;\"><span style=\"font-family: Calibri, serif;\">Environ 50 photos HD fournies sur CD<\/span><\/li>\n<li style=\"text-align: left;\"><span style=\"font-family: Calibri, serif;\">Livre photo de qualit\u00e9 <strong>avec les reportages \u00a0\u00bb demi journ\u00e9e ou journ\u00e9e compl\u00e8te \u00a0\u00bb&nbsp;<\/strong><\/span><\/li>\n<li style=\"text-align: left;\">Suppl\u00e9ment livre photo de qualit\u00e9&#8230;..<strong>150 euros<\/strong><\/li>\n<\/ul>\n<pre>REPORTAGE MARIAGE DEMI JOURN\u00c9E ...<strong>850 euros<\/strong><\/pre>\n<ul>\n<li><span style=\"font-family: Calibri, serif;\">prise de vue de la pr\u00e9paration des futures mari\u00e9s&nbsp;<\/span><\/li>\n<li style=\"text-align: left;\"><span style=\"font-family: Calibri, serif;\">C\u00e9r\u00e9monie (mairie, \u00e9glise\u2026)<\/span><\/li>\n<li style=\"text-align: left;\">D\u00e9coration de table<\/li>\n<li style=\"text-align: left;\"><span style=\"font-family: Calibri, serif;\">Vin d\u2019honneur<\/span><\/li>\n<li style=\"text-align: left;\"><span style=\"font-family: Calibri, serif;\">Photos groupe et petit groupe<\/span><\/li>\n<li style=\"text-align: left;\"><span style=\"font-family: Calibri, serif;\">1 livre photo personnalis\u00e9 de qualit\u00e9<\/span><\/li>\n<\/ul>\n<pre>REPORTAGE MARIAGE JOURNEE COMPLETE...<strong>1300 euros<\/strong><\/pre>\n<ul>\n<li style=\"text-align: left;\"><span style=\"font-family: Calibri, serif;\">prise de vue de la pr\u00e9paration des futures mari\u00e9s<\/span><\/li>\n<li style=\"text-align: left;\"><span style=\"font-family: Calibri, serif;\">C\u00e9r\u00e9monie (mairie, \u00e9glise\u2026)<\/span><\/li>\n<li style=\"text-align: left;\"><span style=\"font-family: Calibri, serif;\">Vin d\u2019honneur<\/span><\/li>\n<li style=\"text-align: left;\">d\u00e9coration de table<\/li>\n<li style=\"text-align: left;\"><span style=\"font-family: Calibri, serif;\">Photos groupe et petit groupe<\/span><\/li>\n<li style=\"text-align: left;\">Repas,&nbsp;d\u00eener, buffet&#8230;.<\/li>\n<li style=\"text-align: left;\">Soir\u00e9e jusqu\u2019\u00e0 minuit<\/li>\n<li style=\"text-align: left;\"><span style=\"font-family: Calibri, serif;\">1 livre photo personnalis\u00e9 de qualit\u00e9<\/span><\/li>\n<li style=\"text-align: left;\"><span style=\"font-family: Calibri, serif;\">Un DVD avec toutes les meilleures photos en format HD<\/span><\/li>\n<\/ul>\n<pre>REPORTAGE JOURN\u00c9E COMPL\u00c8TE ... <strong>1750 euros<\/strong><\/pre>\n<ul>\n<li style=\"text-align: left;\"><span style=\"font-family: Calibri, serif;\">2 heures de s\u00e9ance \u00ab\u00a0couple\u00a0\u00bb avant ou apr\u00e8s le jour J dans 1 ou 2 endroits de votre choix &nbsp;\/ environ 50 photos HD&nbsp;<\/span><\/li>\n<li style=\"text-align: left;\"><span style=\"font-family: Calibri, serif;\">prise de vue de la pr\u00e9paration des futurs mari\u00e9s<\/span><\/li>\n<li style=\"text-align: left;\"><span style=\"font-family: Calibri, serif;\">C\u00e9r\u00e9monie (mairie, \u00e9glise\u2026)<\/span><\/li>\n<li style=\"text-align: left;\"><span style=\"font-family: Calibri, serif;\">Vin d\u2019honneur<\/span><\/li>\n<li style=\"text-align: left;\"><span style=\"font-family: Calibri, serif;\">Photos groupe et petit groupe<\/span><\/li>\n<li style=\"text-align: left;\"><span style=\"font-family: Calibri, serif;\">D\u00e9coration de table<\/span><\/li>\n<li style=\"text-align: left;\"><span style=\"font-family: Calibri, serif;\">Repas, d\u00eener, buffet\u2026<\/span><\/li>\n<li style=\"text-align: left;\"><span style=\"font-family: Calibri, serif;\">Soir\u00e9e dansante jusqu\u2019a&nbsp;minuit<\/span><\/li>\n<li style=\"text-align: left;\"><span style=\"font-family: Calibri, serif;\">1 livre photo personnalis\u00e9 de qualit\u00e9<\/span><\/li>\n<li style=\"text-align: left;\"><span style=\"font-family: Calibri, serif;\">Un DVD avec toutes les meilleures photos en format HD<\/span><\/li>\n<\/ul>\n<p>&nbsp;<\/p>\n<p style=\"text-align: center;\"><span style=\"text-decoration: underline;\">Frais de d\u00e9placement<\/span><\/p>\n<p style=\"text-align: center;\">50 kms (A\/R) offerts \u00e0 partir des Landes Genusson&nbsp;(85130), 0,35 euros\/km au-del\u00e0.<\/p>\n<p>&nbsp;<\/p>\n<p>&nbsp;<\/p>\n","protected":false},"excerpt":{"rendered":"<p>Pour le reportage mariage trois choix s\u2019offre a vous, le reportage demi journ\u00e9e et pour encore plus de souvenirs, le reportage journ\u00e9e compl\u00e8te. S\u00c9ANCE DE COUPLE LE \u00a0\u00bb JOUR J \u00a0\u00bb OU UN \u00a0\u00bb AUTRE JOUR \u00a0\u00bb &#8230; 450 euros S\u00e9ance de 2 \u00e0 3 heures Environ 50 photos HD fournies sur CD Livre photo&hellip;<a href=\"http:\/\/fanny-poiron-photographe.fr\/?page_id=230\" class=\"button\">Lire la suite <span class=\"screen-reader-text\">TARIF REPORTAGE<\/span><\/a><\/p>\n","protected":false},"author":1,"featured_media":0,"parent":0,"menu_order":0,"comment_status":"closed","ping_status":"closed","template":"","meta":[],"_links":{"self":[{"href":"http:\/\/fanny-poiron-photographe.fr\/index.php?rest_route=\/wp\/v2\/pages\/230"}],"collection":[{"href":"http:\/\/fanny-poiron-photographe.fr\/index.php?rest_route=\/wp\/v2\/pages"}],"about":[{"href":"http:\/\/fanny-poiron-photographe.fr\/index.php?rest_route=\/wp\/v2\/types\/page"}],"author":[{"embeddable":true,"href":"http:\/\/fanny-poiron-photographe.fr\/index.php?rest_route=\/wp\/v2\/users\/1"}],"replies":[{"embeddable":true,"href":"http:\/\/fanny-poiron-photographe.fr\/index.php?rest_route=%2Fwp%2Fv2%2Fcomments&post=230"}],"version-history":[{"count":32,"href":"http:\/\/fanny-poiron-photographe.fr\/index.php?rest_route=\/wp\/v2\/pages\/230\/revisions"}],"predecessor-version":[{"id":460,"href":"http:\/\/fanny-poiron-photographe.fr\/index.php?rest_route=\/wp\/v2\/pages\/230\/revisions\/460"}],"wp:attachment":[{"href":"http:\/\/fanny-poiron-photographe.fr\/index.php?rest_route=%2Fwp%2Fv2%2Fmedia&parent=230"}],"curies":[{"name":"wp","href":"https:\/\/api.w.org\/{rel}","templated":true}]}}